{"id":120,"date":"2023-05-13T08:20:58","date_gmt":"2023-05-13T08:20:58","guid":{"rendered":"https:\/\/pieroni.net\/?page_id=120"},"modified":"2023-05-13T09:01:49","modified_gmt":"2023-05-13T09:01:49","slug":"home","status":"publish","type":"page","link":"https:\/\/pieroni.net\/","title":{"rendered":"Home"},"content":{"rendered":"\n<div class=\"wp-block-columns is-layout-flex wp-container-core-columns-is-layout-28f84493 wp-block-columns-is-layout-flex\">\n<div class=\"wp-block-column is-layout-flow wp-block-column-is-layout-flow\">\n<figure class=\"wp-block-image size-large is-resized\"><img fetchpriority=\"high\" decoding=\"async\" src=\"https:\/\/pieroni.net\/wp-content\/uploads\/2023\/05\/Bluehelix-Sublime-3-710x1024.jpg\" alt=\"\" class=\"wp-image-121\" width=\"290\" height=\"416\"\/><\/figure>\n<\/div>\n\n\n\n<div class=\"wp-block-column is-layout-flow wp-block-column-is-layout-flow\">\n<p><\/p>\n\n\n\n<p>Caldaie a condensazione premiscelate, anche ad alta potenza, per installazione singola o in cascata, caldaie da esterno o interno, abbinabili a sistemi ibridi integrati, oltre che caldaie a gas a camera aperta Low Nox. Un&#8217;ampia gamma di prodotti e di soluzioni tecnologicamente avanzate, di semplice utilizzo ed ecologiche.&nbsp;<\/p>\n\n\n\n<figure class=\"wp-block-image size-full\"><img decoding=\"async\" width=\"470\" height=\"171\" src=\"https:\/\/pieroni.net\/wp-content\/uploads\/2023\/05\/logo-radiantx2-1-1.webp\" alt=\"\" class=\"wp-image-122\" srcset=\"https:\/\/pieroni.net\/wp-content\/uploads\/2023\/05\/logo-radiantx2-1-1.webp 470w, https:\/\/pieroni.net\/wp-content\/uploads\/2023\/05\/logo-radiantx2-1-1-300x109.webp 300w\" sizes=\"(max-width: 470px) 100vw, 470px\" \/><\/figure>\n<\/div>\n<\/div>\n\n\n\n<figure class=\"wp-block-image size-full\"><img decoding=\"async\" width=\"300\" height=\"170\" src=\"https:\/\/pieroni.net\/wp-content\/uploads\/2023\/05\/8-manufacturer-default-1.jpg\" alt=\"\" class=\"wp-image-123\"\/><\/figure>\n\n\n\n<div class=\"wp-block-columns is-layout-flex wp-container-core-columns-is-layout-28f84493 wp-block-columns-is-layout-flex\">\n<div class=\"wp-block-column is-layout-flow wp-block-column-is-layout-flow\">\n<p><strong>Ricambi Originali <\/strong><\/p>\n\n\n\n<div class=\"wp-block-columns is-layout-flex wp-container-core-columns-is-layout-28f84493 wp-block-columns-is-layout-flex\">\n<div class=\"wp-block-column is-layout-flow wp-block-column-is-layout-flow\">\n<figure class=\"wp-block-image size-full\"><img loading=\"lazy\" decoding=\"async\" width=\"500\" height=\"500\" src=\"https:\/\/pieroni.net\/wp-content\/uploads\/2023\/05\/kit-pompa-universale-yonos-wilo-3980d881-ex-3980d8810-000-1.jpg\" alt=\"\" class=\"wp-image-125\" srcset=\"https:\/\/pieroni.net\/wp-content\/uploads\/2023\/05\/kit-pompa-universale-yonos-wilo-3980d881-ex-3980d8810-000-1.jpg 500w, https:\/\/pieroni.net\/wp-content\/uploads\/2023\/05\/kit-pompa-universale-yonos-wilo-3980d881-ex-3980d8810-000-1-300x300.jpg 300w, https:\/\/pieroni.net\/wp-content\/uploads\/2023\/05\/kit-pompa-universale-yonos-wilo-3980d881-ex-3980d8810-000-1-150x150.jpg 150w, https:\/\/pieroni.net\/wp-content\/uploads\/2023\/05\/kit-pompa-universale-yonos-wilo-3980d881-ex-3980d8810-000-1-100x100.jpg 100w\" sizes=\"(max-width: 500px) 100vw, 500px\" \/><\/figure>\n<\/div>\n\n\n\n<div class=\"wp-block-column is-layout-flow wp-block-column-is-layout-flow\">\n<figure class=\"wp-block-image size-full\"><img loading=\"lazy\" decoding=\"async\" width=\"500\" height=\"442\" src=\"https:\/\/pieroni.net\/wp-content\/uploads\/2023\/05\/kit-scheda-dbm32b-ferroli-39848722-001.jpg\" alt=\"\" class=\"wp-image-126\" srcset=\"https:\/\/pieroni.net\/wp-content\/uploads\/2023\/05\/kit-scheda-dbm32b-ferroli-39848722-001.jpg 500w, https:\/\/pieroni.net\/wp-content\/uploads\/2023\/05\/kit-scheda-dbm32b-ferroli-39848722-001-300x265.jpg 300w\" sizes=\"(max-width: 500px) 100vw, 500px\" \/><\/figure>\n<\/div>\n<\/div>\n<\/div>\n<\/div>\n\n\n\n<div class=\"wp-block-columns is-layout-flex wp-container-core-columns-is-layout-28f84493 wp-block-columns-is-layout-flex\">\n<div class=\"wp-block-column is-layout-flow wp-block-column-is-layout-flow\">\n<figure class=\"wp-block-image size-full\"><img loading=\"lazy\" decoding=\"async\" width=\"434\" height=\"576\" src=\"https:\/\/pieroni.net\/wp-content\/uploads\/2023\/05\/schermata-2020-03-30-alle-11.36.53.png\" alt=\"\" class=\"wp-image-94\" srcset=\"https:\/\/pieroni.net\/wp-content\/uploads\/2023\/05\/schermata-2020-03-30-alle-11.36.53.png 434w, https:\/\/pieroni.net\/wp-content\/uploads\/2023\/05\/schermata-2020-03-30-alle-11.36.53-226x300.png 226w\" sizes=\"(max-width: 434px) 100vw, 434px\" \/><\/figure>\n\n\n\n<figure class=\"wp-block-image size-full\"><img loading=\"lazy\" decoding=\"async\" width=\"319\" height=\"420\" src=\"https:\/\/pieroni.net\/wp-content\/uploads\/2023\/05\/Immagine-WhatsApp-2023-04-17-ore-16.48.20.jpg\" alt=\"\" class=\"wp-image-134\" srcset=\"https:\/\/pieroni.net\/wp-content\/uploads\/2023\/05\/Immagine-WhatsApp-2023-04-17-ore-16.48.20.jpg 319w, https:\/\/pieroni.net\/wp-content\/uploads\/2023\/05\/Immagine-WhatsApp-2023-04-17-ore-16.48.20-228x300.jpg 228w\" sizes=\"(max-width: 319px) 100vw, 319px\" \/><\/figure>\n<\/div>\n\n\n\n<div class=\"wp-block-column is-layout-flow wp-block-column-is-layout-flow\">\n<p><strong>Pellets Sacchi\u00a0<\/strong><\/p>\n\n\n\n<p><\/p>\n\n\n\n<ul class=\"wp-block-list\">\n<li>\ud83d\udd25 ECOLOGICO: il tipo di legno utilizzato per la creazione di questo pellet \u00e8 l&#8217;abete, fatto di legno vergine con trattamenti di alta qualit\u00e0 che permette un&#8217;ottima combustione ed una percentuale di umidit\u00e0 basse.<\/li>\n\n\n\n<li>\ud83d\udd25 RISPARMIO GARANTITO: il pellet holz ti permette di risparmiare oltre il 30% rispetto al gas naturale. Riduce gli sporchi e residui rispetto alla legna. Garantisce un ottimo riscaldamento e lunga durata.<\/li>\n\n\n\n<li>\ud83d\udd25 PELLET CERTIFICATO A1: qualit\u00e0 elevata di pellet di marchio Holz certificato dal massimo ente di livello internazionale ENPLUS nel settore energetico. Il pellet \u00e8 conforme alla norma ISO 17225-2, HOLZ PELLET \u00e8 pellet di classe A1.<\/li>\n<\/ul>\n<\/div>\n<\/div>\n\n\n\n<div class=\"wp-block-columns is-layout-flex wp-container-core-columns-is-layout-28f84493 wp-block-columns-is-layout-flex\">\n<div class=\"wp-block-column is-layout-flow wp-block-column-is-layout-flow\">\n<figure class=\"wp-block-image size-large\"><img loading=\"lazy\" decoding=\"async\" width=\"1024\" height=\"1024\" src=\"https:\/\/pieroni.net\/wp-content\/uploads\/2023\/05\/GIADA-M-1024x1024.jpg\" alt=\"\" class=\"wp-image-137\" srcset=\"https:\/\/pieroni.net\/wp-content\/uploads\/2023\/05\/GIADA-M-1024x1024.jpg 1024w, https:\/\/pieroni.net\/wp-content\/uploads\/2023\/05\/GIADA-M-300x300.jpg 300w, https:\/\/pieroni.net\/wp-content\/uploads\/2023\/05\/GIADA-M-150x150.jpg 150w, https:\/\/pieroni.net\/wp-content\/uploads\/2023\/05\/GIADA-M-768x768.jpg 768w, https:\/\/pieroni.net\/wp-content\/uploads\/2023\/05\/GIADA-M-1536x1536.jpg 1536w, https:\/\/pieroni.net\/wp-content\/uploads\/2023\/05\/GIADA-M-2048x2048.jpg 2048w, https:\/\/pieroni.net\/wp-content\/uploads\/2023\/05\/GIADA-M-600x600.jpg 600w, https:\/\/pieroni.net\/wp-content\/uploads\/2023\/05\/GIADA-M-100x100.jpg 100w\" sizes=\"(max-width: 1024px) 100vw, 1024px\" \/><\/figure>\n<\/div>\n\n\n\n<div class=\"wp-block-column is-layout-flow wp-block-column-is-layout-flow\">\n<p>SPLIT MURALE DC INVERTER IN POMPA DI CALORE<\/p>\n\n\n\n<p>\u00a0CARATTERISTICHE GENERALI:<\/p>\n\n\n\n<p>&#8211; Refrigerante Ecologico R32<\/p>\n\n\n\n<p>&#8211; Classe di Efficienza A++ e A+++<\/p>\n<\/div>\n<\/div>\n","protected":false},"excerpt":{"rendered":"<p>Caldaie a condensazione premiscelate, anche ad alta potenza, per installazione<\/p>\n","protected":false},"author":1,"featured_media":0,"parent":0,"menu_order":0,"comment_status":"closed","ping_status":"closed","template":"","meta":{"footnotes":""},"class_list":["post-120","page","type-page","status-publish","hentry"],"_links":{"self":[{"href":"https:\/\/pieroni.net\/index.php\/wp-json\/wp\/v2\/pages\/120","targetHints":{"allow":["GET"]}}],"collection":[{"href":"https:\/\/pieroni.net\/index.php\/wp-json\/wp\/v2\/pages"}],"about":[{"href":"https:\/\/pieroni.net\/index.php\/wp-json\/wp\/v2\/types\/page"}],"author":[{"embeddable":true,"href":"https:\/\/pieroni.net\/index.php\/wp-json\/wp\/v2\/users\/1"}],"replies":[{"embeddable":true,"href":"https:\/\/pieroni.net\/index.php\/wp-json\/wp\/v2\/comments?post=120"}],"version-history":[{"count":4,"href":"https:\/\/pieroni.net\/index.php\/wp-json\/wp\/v2\/pages\/120\/revisions"}],"predecessor-version":[{"id":138,"href":"https:\/\/pieroni.net\/index.php\/wp-json\/wp\/v2\/pages\/120\/revisions\/138"}],"wp:attachment":[{"href":"https:\/\/pieroni.net\/index.php\/wp-json\/wp\/v2\/media?parent=120"}],"curies":[{"name":"wp","href":"https:\/\/api.w.org\/{rel}","templated":true}]}}